{"id":3456,"date":"2021-11-11T17:43:11","date_gmt":"2021-11-11T16:43:11","guid":{"rendered":"http:\/\/dudweiler-dcc.de\/?page_id=3456"},"modified":"2024-03-22T22:10:10","modified_gmt":"2024-03-22T21:10:10","slug":"allgemein","status":"publish","type":"page","link":"http:\/\/dudweiler-dcc.de\/?page_id=3456","title":{"rendered":"Chronik"},"content":{"rendered":"<p>[vc_row][vc_column][vc_custom_heading text=&#8220;Allgemeine Informationen zum Dudweiler Carneval Club e.V.&#8220; font_container=&#8220;tag:h2|font_size:30|text_align:left&#8220; google_fonts=&#8220;font_family:Cabin%3Aregular%2Citalic%2C500%2C500italic%2C600%2C600italic%2C700%2C700italic|font_style:400%20regular%3A400%3Anormal&#8220;][vc_separator][\/vc_column][\/vc_row][vc_row][vc_column width=&#8220;1\/4&#8243;]<style type=\"text\/css\" data-type=\"the7_shortcodes-inline-css\">.gallery-shortcode.gallery-masonry-shortcode-id-6527ec756c5dee80905352593772a945 figure,\n.gallery-shortcode.gallery-masonry-shortcode-id-6527ec756c5dee80905352593772a945 .rollover,\n.gallery-shortcode.gallery-masonry-shortcode-id-6527ec756c5dee80905352593772a945 img,\n.gallery-shortcode.gallery-masonry-shortcode-id-6527ec756c5dee80905352593772a945 .gallery-rollover {\n  border-radius: 5px;\n}\n.gallery-shortcode.gallery-masonry-shortcode-id-6527ec756c5dee80905352593772a945.enable-bg-rollover .gallery-rollover {\n  background: -webkit-linear-gradient();\n  background: linear-gradient();\n}\n.gallery-shortcode.gallery-masonry-shortcode-id-6527ec756c5dee80905352593772a945.enable-bg-rollover.hover-scale figure .rollover:after {\n  background: -webkit-linear-gradient();\n  background: linear-gradient();\n}\n.gallery-shortcode.gallery-masonry-shortcode-id-6527ec756c5dee80905352593772a945 .gallery-zoom-ico {\n  width: 44px;\n  height: 44px;\n  line-height: 44px;\n  border-radius: 100px;\n  margin: -22px 0 0 -22px;\n  border-width: 0px;\n  color: #ffffff;\n}\n.dt-icon-bg-on.gallery-shortcode.gallery-masonry-shortcode-id-6527ec756c5dee80905352593772a945 .gallery-zoom-ico {\n  background: rgba(255,255,255,0.3);\n  box-shadow: none;\n}\n.gallery-shortcode.gallery-masonry-shortcode-id-6527ec756c5dee80905352593772a945 .gallery-zoom-ico:before,\n.gallery-shortcode.gallery-masonry-shortcode-id-6527ec756c5dee80905352593772a945 .gallery-zoom-ico span {\n  font-size: 32px;\n  line-height: 44px;\n  color: #ffffff;\n}\n.gallery-shortcode.gallery-masonry-shortcode-id-6527ec756c5dee80905352593772a945:not(.resize-by-browser-width) .dt-css-grid {\n  grid-row-gap: 10px;\n  grid-column-gap: 10px;\n  grid-template-columns: repeat(auto-fill,minmax(,1fr));\n}\n.gallery-shortcode.gallery-masonry-shortcode-id-6527ec756c5dee80905352593772a945:not(.resize-by-browser-width) .dt-css-grid .double-width {\n  grid-column: span 2;\n}\n.cssgridlegacy.no-cssgrid .gallery-shortcode.gallery-masonry-shortcode-id-6527ec756c5dee80905352593772a945:not(.resize-by-browser-width) .dt-css-grid,\n.no-cssgridlegacy.no-cssgrid .gallery-shortcode.gallery-masonry-shortcode-id-6527ec756c5dee80905352593772a945:not(.resize-by-browser-width) .dt-css-grid {\n  display: flex;\n  flex-flow: row wrap;\n  margin: -5px;\n}\n.cssgridlegacy.no-cssgrid .gallery-shortcode.gallery-masonry-shortcode-id-6527ec756c5dee80905352593772a945:not(.resize-by-browser-width) .dt-css-grid .wf-cell,\n.no-cssgridlegacy.no-cssgrid .gallery-shortcode.gallery-masonry-shortcode-id-6527ec756c5dee80905352593772a945:not(.resize-by-browser-width) .dt-css-grid .wf-cell {\n  flex: 1 0 ;\n  max-width: 100%;\n  padding: 5px;\n  box-sizing: border-box;\n}\n.gallery-shortcode.gallery-masonry-shortcode-id-6527ec756c5dee80905352593772a945.resize-by-browser-width .dt-css-grid {\n  grid-template-columns: repeat(1,1fr);\n  grid-template-rows: auto;\n  grid-column-gap: 10px;\n  grid-row-gap: 10px;\n}\n.gallery-shortcode.gallery-masonry-shortcode-id-6527ec756c5dee80905352593772a945.resize-by-browser-width .dt-css-grid .double-width {\n  grid-column: span 2;\n}\n.cssgridlegacy.no-cssgrid .gallery-shortcode.gallery-masonry-shortcode-id-6527ec756c5dee80905352593772a945.resize-by-browser-width .dt-css-grid {\n  margin: -5px;\n}\n.cssgridlegacy.no-cssgrid .gallery-shortcode.gallery-masonry-shortcode-id-6527ec756c5dee80905352593772a945.resize-by-browser-width .dt-css-grid .wf-cell {\n  width: 100%;\n  padding: 5px;\n}\n.cssgridlegacy.no-cssgrid .gallery-shortcode.gallery-masonry-shortcode-id-6527ec756c5dee80905352593772a945.resize-by-browser-width .dt-css-grid .wf-cell.double-width {\n  width: calc(100%) * 2;\n}\n.gallery-shortcode.gallery-masonry-shortcode-id-6527ec756c5dee80905352593772a945.resize-by-browser-width:not(.centered-layout-list):not(.content-bg-on) .dt-css-grid {\n  grid-row-gap: 10px - ;\n}\n@media screen and (max-width: 1199px) {\n  .gallery-shortcode.gallery-masonry-shortcode-id-6527ec756c5dee80905352593772a945.resize-by-browser-width .dt-css-grid {\n    grid-template-columns: repeat(4,1fr);\n  }\n  .cssgridlegacy.no-cssgrid .gallery-shortcode.gallery-masonry-shortcode-id-6527ec756c5dee80905352593772a945.resize-by-browser-width .dt-css-grid .wf-cell,\n  .no-cssgridlegacy.no-cssgrid .gallery-shortcode.gallery-masonry-shortcode-id-6527ec756c5dee80905352593772a945.resize-by-browser-width .dt-css-grid .wf-cell {\n    width: 25%;\n  }\n  .cssgridlegacy.no-cssgrid .gallery-shortcode.gallery-masonry-shortcode-id-6527ec756c5dee80905352593772a945.resize-by-browser-width .dt-css-grid .wf-cell.double-width,\n  .no-cssgridlegacy.no-cssgrid .gallery-shortcode.gallery-masonry-shortcode-id-6527ec756c5dee80905352593772a945.resize-by-browser-width .dt-css-grid .wf-cell.double-width {\n    width: calc(25%)*2;\n  }\n}\n@media screen and (max-width: 991px) {\n  .gallery-shortcode.gallery-masonry-shortcode-id-6527ec756c5dee80905352593772a945.resize-by-browser-width .dt-css-grid {\n    grid-template-columns: repeat(3,1fr);\n  }\n  .cssgridlegacy.no-cssgrid .gallery-shortcode.gallery-masonry-shortcode-id-6527ec756c5dee80905352593772a945.resize-by-browser-width .dt-css-grid .wf-cell,\n  .no-cssgridlegacy.no-cssgrid .gallery-shortcode.gallery-masonry-shortcode-id-6527ec756c5dee80905352593772a945.resize-by-browser-width .dt-css-grid .wf-cell {\n    width: 33.333333333333%;\n  }\n  .cssgridlegacy.no-cssgrid .gallery-shortcode.gallery-masonry-shortcode-id-6527ec756c5dee80905352593772a945.resize-by-browser-width .dt-css-grid .wf-cell.double-width,\n  .no-cssgridlegacy.no-cssgrid .gallery-shortcode.gallery-masonry-shortcode-id-6527ec756c5dee80905352593772a945.resize-by-browser-width .dt-css-grid .wf-cell.double-width {\n    width: calc(33.333333333333%)*2;\n  }\n}\n@media screen and (max-width: 767px) {\n  .gallery-shortcode.gallery-masonry-shortcode-id-6527ec756c5dee80905352593772a945.resize-by-browser-width .dt-css-grid {\n    grid-template-columns: repeat(2,1fr);\n  }\n  .cssgridlegacy.no-cssgrid .gallery-shortcode.gallery-masonry-shortcode-id-6527ec756c5dee80905352593772a945.resize-by-browser-width .dt-css-grid .wf-cell,\n  .no-cssgridlegacy.no-cssgrid .gallery-shortcode.gallery-masonry-shortcode-id-6527ec756c5dee80905352593772a945.resize-by-browser-width .dt-css-grid .wf-cell {\n    width: 50%;\n  }\n  .cssgridlegacy.no-cssgrid .gallery-shortcode.gallery-masonry-shortcode-id-6527ec756c5dee80905352593772a945.resize-by-browser-width .dt-css-grid .wf-cell.double-width,\n  .no-cssgridlegacy.no-cssgrid .gallery-shortcode.gallery-masonry-shortcode-id-6527ec756c5dee80905352593772a945.resize-by-browser-width .dt-css-grid .wf-cell.double-width {\n    width: calc(50%)*2;\n  }\n}\n<\/style><div class=\"gallery-shortcode dt-gallery-container gallery-masonry-shortcode-id-6527ec756c5dee80905352593772a945 mode-masonry jquery-filter dt-icon-bg-off quick-scale-img enable-bg-rollover resize-by-browser-width  vc_custom_1638608911004 hover-fade loading-effect-none description-on-hover\" data-padding=\"5px\" data-cur-page=\"1\" data-post-limit=\"-1\" data-pagination-mode=\"none\" data-desktop-columns-num=\"1\" data-v-tablet-columns-num=\"3\" data-h-tablet-columns-num=\"4\" data-phone-columns-num=\"2\" data-width=\"0px\" data-columns=\"0\"><div class=\"iso-container\" ><div class=\"wf-cell iso-item\" data-post-id=\"2159\" data-date=\"2021-11-11T16:10:46+01:00\" data-name=\"Orden-4x11\"><figure class=\"post visible\"><a href=\"http:\/\/dudweiler-dcc.de\/wp-content\/uploads\/2021\/11\/Orden-4x11-1.jpg\" class=\"rollover dt-pswp-item layzr-bg\" data-large_image_width=\"1200\" data-large_image_height=\"800\" data-dt-img-description=\"\" title=\"Orden-4&#215;11\"><img loading=\"lazy\" decoding=\"async\" class=\"preload-me iso-lazy-load\" src=\"data:image\/svg+xml,%3Csvg%20xmlns%3D&#39;http%3A%2F%2Fwww.w3.org%2F2000%2Fsvg&#39;%20viewBox%3D&#39;0%200%20925%20617&#39;%2F%3E\" data-src=\"http:\/\/dudweiler-dcc.de\/wp-content\/uploads\/2021\/11\/Orden-4x11-1-925x617.jpg\" data-srcset=\"http:\/\/dudweiler-dcc.de\/wp-content\/uploads\/2021\/11\/Orden-4x11-1-925x617.jpg 925w, http:\/\/dudweiler-dcc.de\/wp-content\/uploads\/2021\/11\/Orden-4x11-1.jpg 1199w\" alt=\"\" width=\"925\" height=\"617\"  \/><span class=\"gallery-rollover\"><span class=\"gallery-zoom-ico icomoon-the7-font-the7-zoom-06\"><span><\/span><\/span><\/span><\/a><\/figure><\/div><\/div><!-- iso-container|iso-grid --><\/div>[\/vc_column][vc_column width=&#8220;1\/2&#8243;][vc_custom_heading text=&#8220;Der Verein wurde im Jahr 1962 von Mitgliedern des Deutschen Roten Kreuzes (Ortsverein Dudweiler) als Narrenzunft des DRK gegr\u00fcndet.<\/p>\n<p>Bereits 1964 also zwei Jahre nach Gr\u00fcndung der Narrenzunft bekamen die Dudweiler Karnevalisten ihren bis heute bestehenden Namen Dudweiler Carneval Club e.V.&#8220; font_container=&#8220;tag:div|font_size:20|text_align:justify&#8220; google_fonts=&#8220;font_family:Cabin%3Aregular%2Citalic%2C500%2C500italic%2C600%2C600italic%2C700%2C700italic|font_style:400%20regular%3A400%3Anormal&#8220;][\/vc_column][vc_column][vc_empty_space height=&#8220;64px&#8220;][\/vc_column][\/vc_row][vc_row][vc_column width=&#8220;3\/4&#8243;][vc_custom_heading text=&#8220;W\u00e4hrend der f\u00fcnften Jahreszeit f\u00fchrt der Dudweiler Carneval Club (DCC) verschiedene Veranstaltungen durch. Auftakt in die Narrenzeit macht die Dudweiler Sessionser\u00f6ffnung, bei der das neue Dudweiler Kinderprinzenpaar vorgestellt wird. Kurz darauf werden im Rahmen des DCC Ordensfestes die aktuellen Sessionsorden an das amtierende Dudweiler Kinderprinzenpaar, die Aktiven des DCC sowie an die Vertreter unserer befreundeten Partnervereine verliehen.&#8220; font_container=&#8220;tag:div|font_size:20|text_align:justify&#8220; google_fonts=&#8220;font_family:Cabin%3Aregular%2Citalic%2C500%2C500italic%2C600%2C600italic%2C700%2C700italic|font_style:400%20regular%3A400%3Anormal&#8220;][\/vc_column][\/vc_row][vc_row][vc_column][vc_empty_space height=&#8220;64px&#8220;][\/vc_column][\/vc_row][vc_row][vc_column width=&#8220;1\/2&#8243;][vc_custom_heading text=&#8220;Die vielen Aktiven des Vereins freuen sich besonders auf den H\u00f6hepunkt der karnevalistischen Zeit. Besonders bei den Prunksitzungen k\u00f6nnen Gro\u00df und Klein, die B\u00fcttenredner wie die verschiedenen Gruppen des Tanzkorps sowie das Tanzmariechen und das Tanzpaar ihr K\u00f6nnen zeigen. Dabei erobern alle im Sturm die B\u00fchne und das Publikum.&#8220; font_container=&#8220;tag:div|font_size:20|text_align:justify&#8220; google_fonts=&#8220;font_family:Cabin%3Aregular%2Citalic%2C500%2C500italic%2C600%2C600italic%2C700%2C700italic|font_style:400%20regular%3A400%3Anormal&#8220;][\/vc_column][vc_column width=&#8220;1\/2&#8243;]<style type=\"text\/css\" data-type=\"the7_shortcodes-inline-css\">.gallery-shortcode.gallery-masonry-shortcode-id-4d478009a674f52e0b383100480b9358 figure,\n.gallery-shortcode.gallery-masonry-shortcode-id-4d478009a674f52e0b383100480b9358 .rollover,\n.gallery-shortcode.gallery-masonry-shortcode-id-4d478009a674f52e0b383100480b9358 img,\n.gallery-shortcode.gallery-masonry-shortcode-id-4d478009a674f52e0b383100480b9358 .gallery-rollover {\n  border-radius: 5px;\n}\n.gallery-shortcode.gallery-masonry-shortcode-id-4d478009a674f52e0b383100480b9358.enable-bg-rollover .gallery-rollover {\n  background: -webkit-linear-gradient();\n  background: linear-gradient();\n}\n.gallery-shortcode.gallery-masonry-shortcode-id-4d478009a674f52e0b383100480b9358.enable-bg-rollover.hover-scale figure .rollover:after {\n  background: -webkit-linear-gradient();\n  background: linear-gradient();\n}\n.gallery-shortcode.gallery-masonry-shortcode-id-4d478009a674f52e0b383100480b9358 .gallery-zoom-ico {\n  width: 44px;\n  height: 44px;\n  line-height: 44px;\n  border-radius: 100px;\n  margin: -22px 0 0 -22px;\n  border-width: 0px;\n  color: #ffffff;\n}\n.dt-icon-bg-on.gallery-shortcode.gallery-masonry-shortcode-id-4d478009a674f52e0b383100480b9358 .gallery-zoom-ico {\n  background: rgba(255,255,255,0.3);\n  box-shadow: none;\n}\n.gallery-shortcode.gallery-masonry-shortcode-id-4d478009a674f52e0b383100480b9358 .gallery-zoom-ico:before,\n.gallery-shortcode.gallery-masonry-shortcode-id-4d478009a674f52e0b383100480b9358 .gallery-zoom-ico span {\n  font-size: 32px;\n  line-height: 44px;\n  color: #ffffff;\n}\n.gallery-shortcode.gallery-masonry-shortcode-id-4d478009a674f52e0b383100480b9358:not(.resize-by-browser-width) .dt-css-grid {\n  grid-row-gap: 10px;\n  grid-column-gap: 10px;\n  grid-template-columns: repeat(auto-fill,minmax(,1fr));\n}\n.gallery-shortcode.gallery-masonry-shortcode-id-4d478009a674f52e0b383100480b9358:not(.resize-by-browser-width) .dt-css-grid .double-width {\n  grid-column: span 2;\n}\n.cssgridlegacy.no-cssgrid .gallery-shortcode.gallery-masonry-shortcode-id-4d478009a674f52e0b383100480b9358:not(.resize-by-browser-width) .dt-css-grid,\n.no-cssgridlegacy.no-cssgrid .gallery-shortcode.gallery-masonry-shortcode-id-4d478009a674f52e0b383100480b9358:not(.resize-by-browser-width) .dt-css-grid {\n  display: flex;\n  flex-flow: row wrap;\n  margin: -5px;\n}\n.cssgridlegacy.no-cssgrid .gallery-shortcode.gallery-masonry-shortcode-id-4d478009a674f52e0b383100480b9358:not(.resize-by-browser-width) .dt-css-grid .wf-cell,\n.no-cssgridlegacy.no-cssgrid .gallery-shortcode.gallery-masonry-shortcode-id-4d478009a674f52e0b383100480b9358:not(.resize-by-browser-width) .dt-css-grid .wf-cell {\n  flex: 1 0 ;\n  max-width: 100%;\n  padding: 5px;\n  box-sizing: border-box;\n}\n.gallery-shortcode.gallery-masonry-shortcode-id-4d478009a674f52e0b383100480b9358.resize-by-browser-width .dt-css-grid {\n  grid-template-columns: repeat(2,1fr);\n  grid-template-rows: auto;\n  grid-column-gap: 10px;\n  grid-row-gap: 10px;\n}\n.gallery-shortcode.gallery-masonry-shortcode-id-4d478009a674f52e0b383100480b9358.resize-by-browser-width .dt-css-grid .double-width {\n  grid-column: span 2;\n}\n.cssgridlegacy.no-cssgrid .gallery-shortcode.gallery-masonry-shortcode-id-4d478009a674f52e0b383100480b9358.resize-by-browser-width .dt-css-grid {\n  margin: -5px;\n}\n.cssgridlegacy.no-cssgrid .gallery-shortcode.gallery-masonry-shortcode-id-4d478009a674f52e0b383100480b9358.resize-by-browser-width .dt-css-grid .wf-cell {\n  width: 50%;\n  padding: 5px;\n}\n.cssgridlegacy.no-cssgrid .gallery-shortcode.gallery-masonry-shortcode-id-4d478009a674f52e0b383100480b9358.resize-by-browser-width .dt-css-grid .wf-cell.double-width {\n  width: calc(50%) * 2;\n}\n.gallery-shortcode.gallery-masonry-shortcode-id-4d478009a674f52e0b383100480b9358.resize-by-browser-width:not(.centered-layout-list):not(.content-bg-on) .dt-css-grid {\n  grid-row-gap: 10px - ;\n}\n@media screen and (max-width: 1199px) {\n  .gallery-shortcode.gallery-masonry-shortcode-id-4d478009a674f52e0b383100480b9358.resize-by-browser-width .dt-css-grid {\n    grid-template-columns: repeat(4,1fr);\n  }\n  .cssgridlegacy.no-cssgrid .gallery-shortcode.gallery-masonry-shortcode-id-4d478009a674f52e0b383100480b9358.resize-by-browser-width .dt-css-grid .wf-cell,\n  .no-cssgridlegacy.no-cssgrid .gallery-shortcode.gallery-masonry-shortcode-id-4d478009a674f52e0b383100480b9358.resize-by-browser-width .dt-css-grid .wf-cell {\n    width: 25%;\n  }\n  .cssgridlegacy.no-cssgrid .gallery-shortcode.gallery-masonry-shortcode-id-4d478009a674f52e0b383100480b9358.resize-by-browser-width .dt-css-grid .wf-cell.double-width,\n  .no-cssgridlegacy.no-cssgrid .gallery-shortcode.gallery-masonry-shortcode-id-4d478009a674f52e0b383100480b9358.resize-by-browser-width .dt-css-grid .wf-cell.double-width {\n    width: calc(25%)*2;\n  }\n}\n@media screen and (max-width: 991px) {\n  .gallery-shortcode.gallery-masonry-shortcode-id-4d478009a674f52e0b383100480b9358.resize-by-browser-width .dt-css-grid {\n    grid-template-columns: repeat(3,1fr);\n  }\n  .cssgridlegacy.no-cssgrid .gallery-shortcode.gallery-masonry-shortcode-id-4d478009a674f52e0b383100480b9358.resize-by-browser-width .dt-css-grid .wf-cell,\n  .no-cssgridlegacy.no-cssgrid .gallery-shortcode.gallery-masonry-shortcode-id-4d478009a674f52e0b383100480b9358.resize-by-browser-width .dt-css-grid .wf-cell {\n    width: 33.333333333333%;\n  }\n  .cssgridlegacy.no-cssgrid .gallery-shortcode.gallery-masonry-shortcode-id-4d478009a674f52e0b383100480b9358.resize-by-browser-width .dt-css-grid .wf-cell.double-width,\n  .no-cssgridlegacy.no-cssgrid .gallery-shortcode.gallery-masonry-shortcode-id-4d478009a674f52e0b383100480b9358.resize-by-browser-width .dt-css-grid .wf-cell.double-width {\n    width: calc(33.333333333333%)*2;\n  }\n}\n@media screen and (max-width: 767px) {\n  .gallery-shortcode.gallery-masonry-shortcode-id-4d478009a674f52e0b383100480b9358.resize-by-browser-width .dt-css-grid {\n    grid-template-columns: repeat(2,1fr);\n  }\n  .cssgridlegacy.no-cssgrid .gallery-shortcode.gallery-masonry-shortcode-id-4d478009a674f52e0b383100480b9358.resize-by-browser-width .dt-css-grid .wf-cell,\n  .no-cssgridlegacy.no-cssgrid .gallery-shortcode.gallery-masonry-shortcode-id-4d478009a674f52e0b383100480b9358.resize-by-browser-width .dt-css-grid .wf-cell {\n    width: 50%;\n  }\n  .cssgridlegacy.no-cssgrid .gallery-shortcode.gallery-masonry-shortcode-id-4d478009a674f52e0b383100480b9358.resize-by-browser-width .dt-css-grid .wf-cell.double-width,\n  .no-cssgridlegacy.no-cssgrid .gallery-shortcode.gallery-masonry-shortcode-id-4d478009a674f52e0b383100480b9358.resize-by-browser-width .dt-css-grid .wf-cell.double-width {\n    width: calc(50%)*2;\n  }\n}\n<\/style><div class=\"gallery-shortcode dt-gallery-container gallery-masonry-shortcode-id-4d478009a674f52e0b383100480b9358 mode-masonry jquery-filter dt-icon-bg-off quick-scale-img enable-bg-rollover resize-by-browser-width  hover-fade loading-effect-none description-on-hover\" data-padding=\"5px\" data-cur-page=\"1\" data-post-limit=\"-1\" data-pagination-mode=\"none\" data-desktop-columns-num=\"2\" data-v-tablet-columns-num=\"3\" data-h-tablet-columns-num=\"4\" data-phone-columns-num=\"2\" data-width=\"0px\" data-columns=\"0\"><div class=\"iso-container\" ><div class=\"wf-cell iso-item\" data-post-id=\"2171\" data-date=\"2021-11-11T16:10:49+01:00\" data-name=\"vereinsbild_01\"><figure class=\"post visible\"><a href=\"http:\/\/dudweiler-dcc.de\/wp-content\/uploads\/2021\/11\/vereinsbild_01.jpg\" class=\"rollover dt-pswp-item layzr-bg\" data-large_image_width=\"1000\" data-large_image_height=\"444\" data-dt-img-description=\"\" title=\"vereinsbild_01\"><img loading=\"lazy\" decoding=\"async\" class=\"preload-me iso-lazy-load\" src=\"data:image\/svg+xml,%3Csvg%20xmlns%3D&#39;http%3A%2F%2Fwww.w3.org%2F2000%2Fsvg&#39;%20viewBox%3D&#39;0%200%20458%20203&#39;%2F%3E\" data-src=\"http:\/\/dudweiler-dcc.de\/wp-content\/uploads\/2021\/11\/vereinsbild_01-458x203.jpg\" data-srcset=\"http:\/\/dudweiler-dcc.de\/wp-content\/uploads\/2021\/11\/vereinsbild_01-458x203.jpg 458w, http:\/\/dudweiler-dcc.de\/wp-content\/uploads\/2021\/11\/vereinsbild_01-687x305.jpg 687w\" alt=\"\" width=\"458\" height=\"203\"  \/><span class=\"gallery-rollover\"><span class=\"gallery-zoom-ico icomoon-the7-font-the7-zoom-06\"><span><\/span><\/span><\/span><\/a><\/figure><\/div><\/div><!-- iso-container|iso-grid --><\/div>[\/vc_column][\/vc_row][vc_row][vc_column][vc_empty_space height=&#8220;64px&#8220;][\/vc_column][\/vc_row][vc_row][vc_column width=&#8220;3\/4&#8243;][vc_custom_heading text=&#8220;Nach der Session ist vor der Session. Au\u00dferhalb der Narrenzeit steht nicht nur Training auf dem Programm. Es werden \u00fcber das Jahr verteilt viele Veranstaltungstermine wahrgenommen. So tritt der DCC beim HKV Sommerfest mit einem Showtanz auf, die Frauengruppe &#8222;Die Hupfdohlen&#8222; engagieren sich im Rahmen der Dudweiler Lichtblicke und das Tanzmariechen nimmt an regionalen Tanzwettbewerben teil.&#8220; font_container=&#8220;tag:div|font_size:20|text_align:justify&#8220; google_fonts=&#8220;font_family:Cabin%3Aregular%2Citalic%2C500%2C500italic%2C600%2C600italic%2C700%2C700italic|font_style:400%20regular%3A400%3Anormal&#8220;][\/vc_column][\/vc_row][vc_row][vc_column][vc_empty_space height=&#8220;62px&#8220;][\/vc_column][\/vc_row][vc_row][vc_column width=&#8220;3\/4&#8243;][vc_custom_heading text=&#8220;Auch die Dudweiler Kirmes ist ein fester Programmpunkt im DCC Jahreskalender, doch neben den \u00f6ffentlichen Auftritten gibt es auch einige vereinsinterne Unternehmungen. Noch w\u00e4hrend der Session werden Fahrten zu Partnervereinen oder anderen Karnevalsgro\u00dfveranstaltungen organisiert und in den Sommermonaten findet das Kinder- und Sommerfest statt.&#8220; font_container=&#8220;tag:div|font_size:20|text_align:justify&#8220; google_fonts=&#8220;font_family:Cabin%3Aregular%2Citalic%2C500%2C500italic%2C600%2C600italic%2C700%2C700italic|font_style:400%20regular%3A400%3Anormal&#8220;][\/vc_column][\/vc_row]<\/p>\n","protected":false},"excerpt":{"rendered":"<p>[vc_row][vc_column][vc_custom_heading text=&#8220;Allgemeine Informationen zum Dudweiler Carneval Club e.V.&#8220; font_container=&#8220;tag:h2|font_size:30|text_align:left&#8220; google_fonts=&#8220;font_family:Cabin%3Aregular%2Citalic%2C500%2C500italic%2C600%2C600italic%2C700%2C700italic|font_style:400%20regular%3A400%3Anormal&#8220;][vc_separator][\/vc_column][\/vc_row][vc_row][vc_column width=&#8220;1\/4&#8243;][\/vc_column][vc_column width=&#8220;1\/2&#8243;][vc_custom_heading text=&#8220;Der Verein wurde im Jahr 1962 von Mitgliedern des Deutschen Roten Kreuzes (Ortsverein Dudweiler) als Narrenzunft des DRK&hellip;<\/p>\n","protected":false},"author":1,"featured_media":0,"parent":7,"menu_order":21,"comment_status":"closed","ping_status":"closed","template":"","meta":{"_mc_calendar":[],"footnotes":""},"class_list":["post-3456","page","type-page","status-publish","hentry","description-off"],"_links":{"self":[{"href":"http:\/\/dudweiler-dcc.de\/index.php?rest_route=\/wp\/v2\/pages\/3456","targetHints":{"allow":["GET"]}}],"collection":[{"href":"http:\/\/dudweiler-dcc.de\/index.php?rest_route=\/wp\/v2\/pages"}],"about":[{"href":"http:\/\/dudweiler-dcc.de\/index.php?rest_route=\/wp\/v2\/types\/page"}],"author":[{"embeddable":true,"href":"http:\/\/dudweiler-dcc.de\/index.php?rest_route=\/wp\/v2\/users\/1"}],"replies":[{"embeddable":true,"href":"http:\/\/dudweiler-dcc.de\/index.php?rest_route=%2Fwp%2Fv2%2Fcomments&post=3456"}],"version-history":[{"count":73,"href":"http:\/\/dudweiler-dcc.de\/index.php?rest_route=\/wp\/v2\/pages\/3456\/revisions"}],"predecessor-version":[{"id":4158,"href":"http:\/\/dudweiler-dcc.de\/index.php?rest_route=\/wp\/v2\/pages\/3456\/revisions\/4158"}],"up":[{"embeddable":true,"href":"http:\/\/dudweiler-dcc.de\/index.php?rest_route=\/wp\/v2\/pages\/7"}],"wp:attachment":[{"href":"http:\/\/dudweiler-dcc.de\/index.php?rest_route=%2Fwp%2Fv2%2Fmedia&parent=3456"}],"curies":[{"name":"wp","href":"https:\/\/api.w.org\/{rel}","templated":true}]}}