{"id":3468,"date":"2021-11-11T18:01:36","date_gmt":"2021-11-11T17:01:36","guid":{"rendered":"http:\/\/dudweiler-dcc.de\/?page_id=3468"},"modified":"2025-01-03T09:10:45","modified_gmt":"2025-01-03T08:10:45","slug":"vorstand","status":"publish","type":"page","link":"http:\/\/dudweiler-dcc.de\/?page_id=3468","title":{"rendered":"Vorstand"},"content":{"rendered":"<p>[vc_row][vc_column][vc_custom_heading text=&#8220;Gesch\u00e4ftsf\u00fchrender Vorstand&#8220; font_container=&#8220;tag:h2|font_size:30|text_align:left&#8220; google_fonts=&#8220;font_family:Cabin%3Aregular%2Citalic%2C500%2C500italic%2C600%2C600italic%2C700%2C700italic|font_style:400%20regular%3A400%3Anormal&#8220;][vc_separator][\/vc_column][\/vc_row][vc_row][vc_column width=&#8220;1\/3&#8243;][vc_empty_space][\/vc_column][vc_column width=&#8220;2\/3&#8243;][vc_single_image image=&#8220;4171&#8243; img_size=&#8220;large&#8220; alignment=&#8220;center&#8220; onclick=&#8220;img_link_large&#8220;][\/vc_column][vc_column width=&#8220;1\/3&#8243;][vc_empty_space][\/vc_column][vc_column width=&#8220;2\/3&#8243;][vc_column_text]<\/p>\n<h6>v.li.n.r.: Bernhard Bauer (stellv. Schatzmeister), Pia Nagel (Schriftf\u00fchrerin), Franz Kurth (Pr\u00e4sident), Carmen Kurth &#8211; Nagel (Gesch\u00e4ftsf\u00fchrerin), Gerhard Conrad (Vize-Pr\u00e4sident), Christina Schneider (Schatzmeisterin)<\/h6>\n<p>[\/vc_column_text][\/vc_column][\/vc_row][vc_row][vc_column][vc_empty_space][vc_custom_heading text=&#8220;Erweiterter Vorstand&#8220; font_container=&#8220;tag:h2|font_size:30|text_align:left&#8220; google_fonts=&#8220;font_family:Cabin%3Aregular%2Citalic%2C500%2C500italic%2C600%2C600italic%2C700%2C700italic|font_style:400%20regular%3A400%3Anormal&#8220;][vc_separator][\/vc_column][\/vc_row][vc_row][vc_column width=&#8220;2\/3&#8243;][vc_single_image image=&#8220;4172&#8243; img_size=&#8220;large&#8220; alignment=&#8220;center&#8220; onclick=&#8220;img_link_large&#8220;][\/vc_column][vc_column width=&#8220;1\/3&#8243;][vc_empty_space][\/vc_column][vc_column width=&#8220;2\/3&#8243;][vc_column_text]<\/p>\n<h6>v.li.n.r. (hinten): Christian Schuler (Elferratspr\u00e4sident), Timo Schneider (Vize &#8211; Elferratspr\u00e4sident), Gerhard Conrad (Vize-Pr\u00e4sident), Melanie Pink (Beisitzer)<\/h6>\n<h6>v.li.n.r. (vorne): Bernhard Bauer (stellv. Schatzmeister), Christina Schneider (Schatzmeisterin), Franz Kurth (Pr\u00e4sident), Carmen Kurth &#8211; Nagel (Gesch\u00e4ftsf\u00fchrerin), Alfred Schneider (Kassenpr\u00fcfer), Luisa Adolph (Kassenpr\u00fcferin), Leonie Disch (stellv. Schriftf\u00fchrerin)<\/h6>\n<p>[\/vc_column_text][\/vc_column][vc_column width=&#8220;1\/3&#8243;][vc_empty_space][\/vc_column][\/vc_row][vc_row][vc_column][vc_empty_space][vc_custom_heading text=&#8220;Kassenpr\u00fcfer&#8220; font_container=&#8220;tag:h2|font_size:30|text_align:left&#8220; google_fonts=&#8220;font_family:Cabin%3Aregular%2Citalic%2C500%2C500italic%2C600%2C600italic%2C700%2C700italic|font_style:400%20regular%3A400%3Anormal&#8220;][vc_separator][\/vc_column][\/vc_row][vc_row][vc_column width=&#8220;1\/3&#8243;][vc_empty_space][\/vc_column][vc_column width=&#8220;2\/3&#8243;][vc_single_image image=&#8220;4122&#8243; img_size=&#8220;large&#8220; alignment=&#8220;center&#8220; onclick=&#8220;img_link_large&#8220;][\/vc_column][vc_column width=&#8220;1\/3&#8243;][vc_empty_space][\/vc_column][vc_column width=&#8220;2\/3&#8243;][vc_column_text]<\/p>\n<h6>v.li.n.r.: Alfred Schneider, Luisa Adolph<\/h6>\n<p>[\/vc_column_text][\/vc_column][\/vc_row]<\/p>\n","protected":false},"excerpt":{"rendered":"<p>[vc_row][vc_column][vc_custom_heading text=&#8220;Gesch\u00e4ftsf\u00fchrender Vorstand&#8220; font_container=&#8220;tag:h2|font_size:30|text_align:left&#8220; google_fonts=&#8220;font_family:Cabin%3Aregular%2Citalic%2C500%2C500italic%2C600%2C600italic%2C700%2C700italic|font_style:400%20regular%3A400%3Anormal&#8220;][vc_separator][\/vc_column][\/vc_row][vc_row][vc_column width=&#8220;1\/3&#8243;][vc_empty_space][\/vc_column][vc_column width=&#8220;2\/3&#8243;][vc_single_image image=&#8220;4171&#8243; img_size=&#8220;large&#8220; alignment=&#8220;center&#8220; onclick=&#8220;img_link_large&#8220;][\/vc_column][vc_column width=&#8220;1\/3&#8243;][vc_empty_space][\/vc_column][vc_column width=&#8220;2\/3&#8243;][vc_column_text] v.li.n.r.: Bernhard Bauer (stellv. Schatzmeister), Pia Nagel (Schriftf\u00fchrerin), Franz Kurth (Pr\u00e4sident), Carmen Kurth &#8211; Nagel (Gesch\u00e4ftsf\u00fchrerin), Gerhard&hellip;<\/p>\n","protected":false},"author":1,"featured_media":0,"parent":7,"menu_order":23,"comment_status":"closed","ping_status":"closed","template":"","meta":{"_mc_calendar":[],"footnotes":""},"class_list":["post-3468","page","type-page","status-publish","hentry","description-off"],"_links":{"self":[{"href":"http:\/\/dudweiler-dcc.de\/index.php?rest_route=\/wp\/v2\/pages\/3468","targetHints":{"allow":["GET"]}}],"collection":[{"href":"http:\/\/dudweiler-dcc.de\/index.php?rest_route=\/wp\/v2\/pages"}],"about":[{"href":"http:\/\/dudweiler-dcc.de\/index.php?rest_route=\/wp\/v2\/types\/page"}],"author":[{"embeddable":true,"href":"http:\/\/dudweiler-dcc.de\/index.php?rest_route=\/wp\/v2\/users\/1"}],"replies":[{"embeddable":true,"href":"http:\/\/dudweiler-dcc.de\/index.php?rest_route=%2Fwp%2Fv2%2Fcomments&post=3468"}],"version-history":[{"count":37,"href":"http:\/\/dudweiler-dcc.de\/index.php?rest_route=\/wp\/v2\/pages\/3468\/revisions"}],"predecessor-version":[{"id":4173,"href":"http:\/\/dudweiler-dcc.de\/index.php?rest_route=\/wp\/v2\/pages\/3468\/revisions\/4173"}],"up":[{"embeddable":true,"href":"http:\/\/dudweiler-dcc.de\/index.php?rest_route=\/wp\/v2\/pages\/7"}],"wp:attachment":[{"href":"http:\/\/dudweiler-dcc.de\/index.php?rest_route=%2Fwp%2Fv2%2Fmedia&parent=3468"}],"curies":[{"name":"wp","href":"https:\/\/api.w.org\/{rel}","templated":true}]}}