{"id":3768,"date":"2021-12-09T19:26:39","date_gmt":"2021-12-09T18:26:39","guid":{"rendered":"http:\/\/dudweiler-dcc.de\/?page_id=3768"},"modified":"2025-01-03T08:58:29","modified_gmt":"2025-01-03T07:58:29","slug":"minigarde","status":"publish","type":"page","link":"http:\/\/dudweiler-dcc.de\/?page_id=3768","title":{"rendered":"Mini H\u00fcpfer"},"content":{"rendered":"<p>[vc_row full_width_row=&#8220;true&#8220;][vc_column][vc_single_image image=&#8220;4169&#8243; img_size=&#8220;full&#8220; alignment=&#8220;center&#8220;][\/vc_column][\/vc_row][vc_row][vc_column][vc_empty_space height=&#8220;64px&#8220;][\/vc_column][\/vc_row][vc_row][vc_column width=&#8220;5\/12&#8243;][vc_custom_heading text=&#8220;Mini H\u00fcpfer&#8220; font_container=&#8220;tag:h2|text_align:left|color:%23910000&#8243; google_fonts=&#8220;font_family:Cabin%3Aregular%2Citalic%2C500%2C500italic%2C600%2C600italic%2C700%2C700italic|font_style:400%20regular%3A400%3Anormal&#8220;][\/vc_column][vc_column width=&#8220;1\/6&#8243;][vc_empty_space][\/vc_column][vc_column width=&#8220;5\/12&#8243;][vc_custom_heading text=&#8220;Trainingszeiten&#8220; font_container=&#8220;tag:h2|text_align:left|color:%23910000&#8243; google_fonts=&#8220;font_family:Cabin%3Aregular%2Citalic%2C500%2C500italic%2C600%2C600italic%2C700%2C700italic|font_style:400%20regular%3A400%3Anormal&#8220;][\/vc_column][\/vc_row][vc_row][vc_column width=&#8220;5\/12&#8243;][vc_separator][vc_column_text]Neue Trainerin &#8211; Neuer Name<\/p>\n<p>In der Session 2024 \/ 2025 hat sich unsere Minigarde entschieden Ihren Namen zu \u00e4ndern. Ab heute hei\u00dfen Sie die Mini H\u00fcpfer.<\/p>\n<p style=\"text-align: justify;\">Unsere Mini H\u00fcpfer &#8211; Der erste Einstieg in den karnevalistischen Tanzsport. Ab drei Jahren k\u00f6nnen T\u00e4nzerinnen und T\u00e4nzer bei uns bereits die Beinchen schwingen. Unter der Leitung von Cassady Werner werden die Kinder trainiert. Spa\u00df steht in diesem Alter immer im Vordergrund. Es geht nichts \u00fcber strahlende Kinderaugen! Eine tolle, niedliche Gruppe mit ganz viel Spa\u00df ist eine Bereicherung f\u00fcr unseren Verein.<\/p>\n<p>[\/vc_column_text][\/vc_column][vc_column width=&#8220;1\/6&#8243;][vc_empty_space][\/vc_column][vc_column width=&#8220;5\/12&#8243;][vc_separator][vc_column_text]<\/p>\n<p style=\"text-align: justify;\">Dienstags von 16:00 &#8211; 17:00Uhr<br \/>\nOrt: Clubheim DCC (In der Wagenl\u00fcck 50, 66125 Dudweiler)<\/p>\n<p>[\/vc_column_text][\/vc_column][\/vc_row][vc_row][vc_column][vc_empty_space height=&#8220;64px&#8220;][\/vc_column][\/vc_row][vc_row][vc_column][vc_custom_heading text=&#8220;Trainer- und Betreuerteam&#8220; font_container=&#8220;tag:h2|text_align:left|color:%23910000&#8243; google_fonts=&#8220;font_family:Cabin%3Aregular%2Citalic%2C500%2C500italic%2C600%2C600italic%2C700%2C700italic|font_style:400%20regular%3A400%3Anormal&#8220;][\/vc_column][\/vc_row][vc_row][vc_column][vc_separator][\/vc_column][\/vc_row][vc_row][vc_column width=&#8220;1\/6&#8243;][\/vc_column][vc_column width=&#8220;1\/2&#8243;][\/vc_column][\/vc_row][vc_row][vc_column][vc_empty_space][\/vc_column][\/vc_row][vc_row][vc_column][vc_empty_space][\/vc_column][\/vc_row][vc_row][vc_column width=&#8220;1\/6&#8243;][vc_single_image image=&#8220;4126&#8243;][\/vc_column][vc_column width=&#8220;1\/2&#8243;][vc_custom_heading text=&#8220;Trainerin Cassady Werner&#8220; font_container=&#8220;tag:h2|font_size:20|text_align:left|color:%23910000&#8243; google_fonts=&#8220;font_family:Cabin%3Aregular%2Citalic%2C500%2C500italic%2C600%2C600italic%2C700%2C700italic|font_style:400%20regular%3A400%3Anormal&#8220;][\/vc_column][vc_column][vc_empty_space][\/vc_column][\/vc_row]<\/p>\n","protected":false},"excerpt":{"rendered":"<p>[vc_row full_width_row=&#8220;true&#8220;][vc_column][vc_single_image image=&#8220;4169&#8243; img_size=&#8220;full&#8220; alignment=&#8220;center&#8220;][\/vc_column][\/vc_row][vc_row][vc_column][vc_empty_space height=&#8220;64px&#8220;][\/vc_column][\/vc_row][vc_row][vc_column width=&#8220;5\/12&#8243;][vc_custom_heading text=&#8220;Mini H\u00fcpfer&#8220; font_container=&#8220;tag:h2|text_align:left|color:%23910000&#8243; google_fonts=&#8220;font_family:Cabin%3Aregular%2Citalic%2C500%2C500italic%2C600%2C600italic%2C700%2C700italic|font_style:400%20regular%3A400%3Anormal&#8220;][\/vc_column][vc_column width=&#8220;1\/6&#8243;][vc_empty_space][\/vc_column][vc_column width=&#8220;5\/12&#8243;][vc_custom_heading text=&#8220;Trainingszeiten&#8220; font_container=&#8220;tag:h2|text_align:left|color:%23910000&#8243; google_fonts=&#8220;font_family:Cabin%3Aregular%2Citalic%2C500%2C500italic%2C600%2C600italic%2C700%2C700italic|font_style:400%20regular%3A400%3Anormal&#8220;][\/vc_column][\/vc_row][vc_row][vc_column width=&#8220;5\/12&#8243;][vc_separator][vc_column_text]Neue Trainerin &#8211; Neuer Name In der Session 2024 \/ 2025 hat sich unsere&hellip;<\/p>\n","protected":false},"author":1,"featured_media":0,"parent":3763,"menu_order":24,"comment_status":"closed","ping_status":"closed","template":"","meta":{"_mc_calendar":[],"footnotes":""},"class_list":["post-3768","page","type-page","status-publish","hentry","description-off"],"_links":{"self":[{"href":"http:\/\/dudweiler-dcc.de\/index.php?rest_route=\/wp\/v2\/pages\/3768","targetHints":{"allow":["GET"]}}],"collection":[{"href":"http:\/\/dudweiler-dcc.de\/index.php?rest_route=\/wp\/v2\/pages"}],"about":[{"href":"http:\/\/dudweiler-dcc.de\/index.php?rest_route=\/wp\/v2\/types\/page"}],"author":[{"embeddable":true,"href":"http:\/\/dudweiler-dcc.de\/index.php?rest_route=\/wp\/v2\/users\/1"}],"replies":[{"embeddable":true,"href":"http:\/\/dudweiler-dcc.de\/index.php?rest_route=%2Fwp%2Fv2%2Fcomments&post=3768"}],"version-history":[{"count":44,"href":"http:\/\/dudweiler-dcc.de\/index.php?rest_route=\/wp\/v2\/pages\/3768\/revisions"}],"predecessor-version":[{"id":4170,"href":"http:\/\/dudweiler-dcc.de\/index.php?rest_route=\/wp\/v2\/pages\/3768\/revisions\/4170"}],"up":[{"embeddable":true,"href":"http:\/\/dudweiler-dcc.de\/index.php?rest_route=\/wp\/v2\/pages\/3763"}],"wp:attachment":[{"href":"http:\/\/dudweiler-dcc.de\/index.php?rest_route=%2Fwp%2Fv2%2Fmedia&parent=3768"}],"curies":[{"name":"wp","href":"https:\/\/api.w.org\/{rel}","templated":true}]}}