{"id":3841,"date":"2021-12-09T21:58:37","date_gmt":"2021-12-09T20:58:37","guid":{"rendered":"http:\/\/dudweiler-dcc.de\/?page_id=3841"},"modified":"2025-01-03T09:17:53","modified_gmt":"2025-01-03T08:17:53","slug":"aktiven-garde","status":"publish","type":"page","link":"http:\/\/dudweiler-dcc.de\/?page_id=3841","title":{"rendered":"Aktiven Garde"},"content":{"rendered":"[vc_row full_width_row=&#8220;true&#8220;][vc_column][vc_single_image image=&#8220;4176&#8243; img_size=&#8220;full&#8220;][\/vc_column][\/vc_row][vc_row][vc_column][vc_empty_space height=&#8220;64px&#8220;][\/vc_column][\/vc_row][vc_row][vc_column width=&#8220;5\/12&#8243;][vc_custom_heading text=&#8220;Aktiven Garde&#8220; font_container=&#8220;tag:h2|text_align:left|color:%23910000&#8243; google_fonts=&#8220;font_family:Cabin%3Aregular%2Citalic%2C500%2C500italic%2C600%2C600italic%2C700%2C700italic|font_style:400%20regular%3A400%3Anormal&#8220;][\/vc_column][vc_column width=&#8220;1\/6&#8243;][vc_empty_space][\/vc_column][vc_column width=&#8220;5\/12&#8243;][vc_custom_heading text=&#8220;Trainingszeiten&#8220; font_container=&#8220;tag:h2|text_align:left|color:%23910000&#8243; google_fonts=&#8220;font_family:Cabin%3Aregular%2Citalic%2C500%2C500italic%2C600%2C600italic%2C700%2C700italic|font_style:400%20regular%3A400%3Anormal&#8220;][\/vc_column][\/vc_row][vc_row][vc_column width=&#8220;5\/12&#8243;][vc_separator][vc_column_text]\r\n<p style=\"text-align: justify;\">In diesem Jahr zeigte sich unsere Aktiven Garde in neuen Uniformen. Gezielt wird \u00fcber das ganze Jahr flei\u00dfig trainiert, um unseren Tanz zu perfektionieren. Dabei ist die Haltung und das Tanzen im Takt ganz wichtig! Nur durch regelm\u00e4\u00dfige Training kann eine Top Leistung erzielt werden. Deshalb trainiert unsere Aktiven Garde einmal die Woche in den R\u00e4umlichkeiten eigenen R\u00e4umlichkeiten. Ich als Trainerin kann nur dazu sagen: Teamsport ist Zusammenhalt &#8211; und das hat sich in den letzten Monaten gezeigt.<\/p>\r\n[\/vc_column_text][\/vc_column][vc_column width=&#8220;1\/6&#8243;][\/vc_column][vc_column width=&#8220;5\/12&#8243;][vc_separator][vc_column_text]\r\n<p style=\"text-align: justify;\">Mittwochs von 17:30 &#8211; 19:00 Uhr\r\nOrt: Clubheim DCC (In der Wagenl\u00fcck 50, 66125 Dudweiler)<\/p>\r\n[\/vc_column_text][\/vc_column][\/vc_row][vc_row][vc_column][vc_empty_space height=&#8220;64px&#8220;][\/vc_column][\/vc_row][vc_row][vc_column][vc_custom_heading text=&#8220;Trainer- und Betreuerteam&#8220; font_container=&#8220;tag:h2|text_align:left|color:%23910000&#8243; google_fonts=&#8220;font_family:Cabin%3Aregular%2Citalic%2C500%2C500italic%2C600%2C600italic%2C700%2C700italic|font_style:400%20regular%3A400%3Anormal&#8220;][\/vc_column][\/vc_row][vc_row][vc_column][vc_separator][\/vc_column][\/vc_row][vc_row][vc_column width=&#8220;1\/6&#8243;][vc_single_image image=&#8220;3853&#8243;][\/vc_column][vc_column width=&#8220;1\/2&#8243;][vc_custom_heading text=&#8220;Trainerin Pia Nagel&#8220; font_container=&#8220;tag:h2|font_size:20|text_align:left|color:%23910000&#8243; google_fonts=&#8220;font_family:Cabin%3Aregular%2Citalic%2C500%2C500italic%2C600%2C600italic%2C700%2C700italic|font_style:400%20regular%3A400%3Anormal&#8220;][\/vc_column][vc_column][vc_empty_space][\/vc_column][\/vc_row][vc_row][vc_column width=&#8220;1\/6&#8243;][\/vc_column][vc_column width=&#8220;1\/2&#8243;][\/vc_column][\/vc_row][vc_row][vc_column][vc_column_text][\/vc_column_text][\/vc_column][\/vc_row]<!-- \/wp:post-content -->","protected":false},"excerpt":{"rendered":"<p>[vc_row full_width_row=&#8220;true&#8220;][vc_column][vc_single_image image=&#8220;4176&#8243; img_size=&#8220;full&#8220;][\/vc_column][\/vc_row][vc_row][vc_column][vc_empty_space height=&#8220;64px&#8220;][\/vc_column][\/vc_row][vc_row][vc_column width=&#8220;5\/12&#8243;][vc_custom_heading text=&#8220;Aktiven Garde&#8220; font_container=&#8220;tag:h2|text_align:left|color:%23910000&#8243; google_fonts=&#8220;font_family:Cabin%3Aregular%2Citalic%2C500%2C500italic%2C600%2C600italic%2C700%2C700italic|font_style:400%20regular%3A400%3Anormal&#8220;][\/vc_column][vc_column width=&#8220;1\/6&#8243;][vc_empty_space][\/vc_column][vc_column width=&#8220;5\/12&#8243;][vc_custom_heading text=&#8220;Trainingszeiten&#8220; font_container=&#8220;tag:h2|text_align:left|color:%23910000&#8243; google_fonts=&#8220;font_family:Cabin%3Aregular%2Citalic%2C500%2C500italic%2C600%2C600italic%2C700%2C700italic|font_style:400%20regular%3A400%3Anormal&#8220;][\/vc_column][\/vc_row][vc_row][vc_column width=&#8220;5\/12&#8243;][vc_separator][vc_column_text] In diesem Jahr zeigte sich unsere Aktiven Garde in neuen Uniformen. Gezielt wird \u00fcber&hellip;<\/p>\n","protected":false},"author":1,"featured_media":0,"parent":3763,"menu_order":244,"comment_status":"closed","ping_status":"closed","template":"","meta":{"_mc_calendar":[],"footnotes":""},"class_list":["post-3841","page","type-page","status-publish","hentry","description-off"],"_links":{"self":[{"href":"http:\/\/dudweiler-dcc.de\/index.php?rest_route=\/wp\/v2\/pages\/3841","targetHints":{"allow":["GET"]}}],"collection":[{"href":"http:\/\/dudweiler-dcc.de\/index.php?rest_route=\/wp\/v2\/pages"}],"about":[{"href":"http:\/\/dudweiler-dcc.de\/index.php?rest_route=\/wp\/v2\/types\/page"}],"author":[{"embeddable":true,"href":"http:\/\/dudweiler-dcc.de\/index.php?rest_route=\/wp\/v2\/users\/1"}],"replies":[{"embeddable":true,"href":"http:\/\/dudweiler-dcc.de\/index.php?rest_route=%2Fwp%2Fv2%2Fcomments&post=3841"}],"version-history":[{"count":15,"href":"http:\/\/dudweiler-dcc.de\/index.php?rest_route=\/wp\/v2\/pages\/3841\/revisions"}],"predecessor-version":[{"id":4177,"href":"http:\/\/dudweiler-dcc.de\/index.php?rest_route=\/wp\/v2\/pages\/3841\/revisions\/4177"}],"up":[{"embeddable":true,"href":"http:\/\/dudweiler-dcc.de\/index.php?rest_route=\/wp\/v2\/pages\/3763"}],"wp:attachment":[{"href":"http:\/\/dudweiler-dcc.de\/index.php?rest_route=%2Fwp%2Fv2%2Fmedia&parent=3841"}],"curies":[{"name":"wp","href":"https:\/\/api.w.org\/{rel}","templated":true}]}}