{"id":3914,"date":"2021-12-17T19:17:19","date_gmt":"2021-12-17T18:17:19","guid":{"rendered":"http:\/\/dudweiler-dcc.de\/?page_id=3914"},"modified":"2025-01-03T09:25:00","modified_gmt":"2025-01-03T08:25:00","slug":"hupfdohlen-3","status":"publish","type":"page","link":"http:\/\/dudweiler-dcc.de\/?page_id=3914","title":{"rendered":"Hupfdohlen"},"content":{"rendered":"<p>[vc_row full_width_row=&#8220;true&#8220;][vc_column][vc_single_image image=&#8220;4182&#8243; img_size=&#8220;full&#8220;][\/vc_column][\/vc_row][vc_row][vc_column][vc_empty_space height=&#8220;64px&#8220;][\/vc_column][\/vc_row][vc_row][vc_column width=&#8220;1\/2&#8243;][vc_custom_heading text=&#8220;Hupfdohlen&#8220; font_container=&#8220;tag:h2|text_align:left|color:%23910000&#8243; google_fonts=&#8220;font_family:Cabin%3Aregular%2Citalic%2C500%2C500italic%2C600%2C600italic%2C700%2C700italic|font_style:400%20regular%3A400%3Anormal&#8220;][\/vc_column][vc_column width=&#8220;1\/2&#8243;][vc_custom_heading text=&#8220;Trainingszeiten&#8220; font_container=&#8220;tag:h2|text_align:left|color:%23910000&#8243; google_fonts=&#8220;font_family:Cabin%3Aregular%2Citalic%2C500%2C500italic%2C600%2C600italic%2C700%2C700italic|font_style:400%20regular%3A400%3Anormal&#8220;][\/vc_column][\/vc_row][vc_row][vc_column width=&#8220;5\/12&#8243;][vc_column_text]Die Hupfdohlen sind t\u00e4nzerisch eine Wonne und sind ein fester Programmpunkt bei all unseren Prunksitzungen. Sie treten dar\u00fcber hinaus auch bei Veranstaltungen befreundeter Vereine auf und rei\u00dfen dabei das Publikum von den St\u00fchlen.<\/p>\n<p>Die M\u00e4dels werden von Carmen Kurth &#8211; Nagel trainiert.[\/vc_column_text][\/vc_column][vc_column width=&#8220;1\/2&#8243;][vc_separator][vc_column_text]<\/p>\n<p style=\"text-align: justify;\">Donnerstags von 19:00 &#8211; 21:00 Uhr<br \/>\nOrt: Clubheim DCC (In der Wagenl\u00fcck 50, 66125 Dudweiler)<\/p>\n<p>[\/vc_column_text][\/vc_column][\/vc_row][vc_row][vc_column][vc_empty_space height=&#8220;64px&#8220;][\/vc_column][\/vc_row][vc_row][vc_column][vc_custom_heading text=&#8220;Trainer- und Betreuerteam&#8220; font_container=&#8220;tag:h2|text_align:left|color:%23910000&#8243; google_fonts=&#8220;font_family:Cabin%3Aregular%2Citalic%2C500%2C500italic%2C600%2C600italic%2C700%2C700italic|font_style:400%20regular%3A400%3Anormal&#8220;][\/vc_column][\/vc_row][vc_row][vc_column][vc_separator][\/vc_column][\/vc_row][vc_row][vc_column width=&#8220;1\/3&#8243;][vc_single_image image=&#8220;3821&#8243; img_size=&#8220;large&#8220; onclick=&#8220;img_link_large&#8220;][\/vc_column][vc_column width=&#8220;1\/2&#8243;][vc_custom_heading text=&#8220;Trainerin Carmen Kurth-Nagel<br \/>\n&#8220; font_container=&#8220;tag:h2|font_size:20|text_align:left|color:%23910000&#8243; google_fonts=&#8220;font_family:Cabin%3Aregular%2Citalic%2C500%2C500italic%2C600%2C600italic%2C700%2C700italic|font_style:400%20regular%3A400%3Anormal&#8220;][\/vc_column][vc_column][vc_empty_space][\/vc_column][\/vc_row]<\/p>\n","protected":false},"excerpt":{"rendered":"<p>[vc_row full_width_row=&#8220;true&#8220;][vc_column][vc_single_image image=&#8220;4182&#8243; img_size=&#8220;full&#8220;][\/vc_column][\/vc_row][vc_row][vc_column][vc_empty_space height=&#8220;64px&#8220;][\/vc_column][\/vc_row][vc_row][vc_column width=&#8220;1\/2&#8243;][vc_custom_heading text=&#8220;Hupfdohlen&#8220; font_container=&#8220;tag:h2|text_align:left|color:%23910000&#8243; google_fonts=&#8220;font_family:Cabin%3Aregular%2Citalic%2C500%2C500italic%2C600%2C600italic%2C700%2C700italic|font_style:400%20regular%3A400%3Anormal&#8220;][\/vc_column][vc_column width=&#8220;1\/2&#8243;][vc_custom_heading text=&#8220;Trainingszeiten&#8220; font_container=&#8220;tag:h2|text_align:left|color:%23910000&#8243; google_fonts=&#8220;font_family:Cabin%3Aregular%2Citalic%2C500%2C500italic%2C600%2C600italic%2C700%2C700italic|font_style:400%20regular%3A400%3Anormal&#8220;][\/vc_column][\/vc_row][vc_row][vc_column width=&#8220;5\/12&#8243;][vc_column_text]Die Hupfdohlen sind t\u00e4nzerisch eine Wonne und sind ein fester Programmpunkt bei all unseren Prunksitzungen. Sie treten&hellip;<\/p>\n","protected":false},"author":1,"featured_media":0,"parent":3907,"menu_order":32,"comment_status":"closed","ping_status":"closed","template":"","meta":{"_mc_calendar":[],"footnotes":""},"class_list":["post-3914","page","type-page","status-publish","hentry","description-off"],"_links":{"self":[{"href":"http:\/\/dudweiler-dcc.de\/index.php?rest_route=\/wp\/v2\/pages\/3914","targetHints":{"allow":["GET"]}}],"collection":[{"href":"http:\/\/dudweiler-dcc.de\/index.php?rest_route=\/wp\/v2\/pages"}],"about":[{"href":"http:\/\/dudweiler-dcc.de\/index.php?rest_route=\/wp\/v2\/types\/page"}],"author":[{"embeddable":true,"href":"http:\/\/dudweiler-dcc.de\/index.php?rest_route=\/wp\/v2\/users\/1"}],"replies":[{"embeddable":true,"href":"http:\/\/dudweiler-dcc.de\/index.php?rest_route=%2Fwp%2Fv2%2Fcomments&post=3914"}],"version-history":[{"count":18,"href":"http:\/\/dudweiler-dcc.de\/index.php?rest_route=\/wp\/v2\/pages\/3914\/revisions"}],"predecessor-version":[{"id":4183,"href":"http:\/\/dudweiler-dcc.de\/index.php?rest_route=\/wp\/v2\/pages\/3914\/revisions\/4183"}],"up":[{"embeddable":true,"href":"http:\/\/dudweiler-dcc.de\/index.php?rest_route=\/wp\/v2\/pages\/3907"}],"wp:attachment":[{"href":"http:\/\/dudweiler-dcc.de\/index.php?rest_route=%2Fwp%2Fv2%2Fmedia&parent=3914"}],"curies":[{"name":"wp","href":"https:\/\/api.w.org\/{rel}","templated":true}]}}